{"id":319,"date":"2025-08-30T09:14:42","date_gmt":"2025-08-30T09:14:42","guid":{"rendered":"https:\/\/coapetilladesertfruits.com\/?page_id=319"},"modified":"2025-09-08T06:09:53","modified_gmt":"2025-09-08T06:09:53","slug":"estres-hidrico","status":"publish","type":"page","link":"http:\/\/coapetilladesertfruits.com\/en\/estres-hidrico\/","title":{"rendered":"Water Stress"},"content":{"rendered":"<div data-elementor-type=\"wp-page\" data-elementor-id=\"319\" class=\"elementor elementor-319\" data-elementor-post-type=\"page\">\n\t\t\t\t<div class=\"elementor-element elementor-element-66d7b04 e-con-full e-flex e-con e-parent\" data-id=\"66d7b04\" data-element_type=\"container\" data-e-type=\"container\">\n\t\t<div class=\"elementor-element elementor-element-8df63b1 e-con-full e-flex e-con e-child\" data-id=\"8df63b1\" data-element_type=\"container\" data-e-type=\"container\" data-settings=\"{&quot;background_background&quot;:&quot;classic&quot;}\">\n\t\t\t\t<\/div>\n\t\t<div class=\"elementor-element elementor-element-ba0354a e-flex e-con-boxed e-con e-child\" data-id=\"ba0354a\" data-element_type=\"container\" data-e-type=\"container\" data-settings=\"{&quot;background_background&quot;:&quot;classic&quot;}\">\n\t\t\t\t\t<div class=\"e-con-inner\">\n\t\t\t\t<div class=\"elementor-element elementor-element-8f1f717 elementor-widget elementor-widget-heading\" data-id=\"8f1f717\" data-element_type=\"widget\" data-e-type=\"widget\" data-widget_type=\"heading.default\">\n\t\t\t\t\t<h2 class=\"elementor-heading-title elementor-size-default translation-block\">Coapetilla <br>against <strong>Water Stress<\/strong><\/h2>\t\t\t\t<\/div>\n\t\t\t\t<div class=\"elementor-element elementor-element-81c57cd elementor-widget elementor-widget-heading\" data-id=\"81c57cd\" data-element_type=\"widget\" data-e-type=\"widget\" data-widget_type=\"heading.default\">\n\t\t\t\t\t<h2 class=\"elementor-heading-title elementor-size-default\">A pioneering crop leading the way into a new era of Ultra-Low Water Consumption foods<\/h2>\t\t\t\t<\/div>\n\t\t\t\t<div class=\"elementor-element elementor-element-32dfd8c elementor-widget elementor-widget-text-editor\" data-id=\"32dfd8c\" data-element_type=\"widget\" data-e-type=\"widget\" data-widget_type=\"text-editor.default\">\n\t\t\t\t\t\t\t\t\tWater stress is one of the most critical environmental challenges of the 21st century, especially in agricultural regions increasingly dependent on limited water resources. Coapetilla offers an innovative solution, capable of producing food with minimal water use thanks to its remarkable ability to thrive under extreme heat conditions without the need for intensive irrigation.\t\t\t\t\t\t\t\t<\/div>\n\t\t\t\t\t<\/div>\n\t\t\t\t<\/div>\n\t\t\t\t<\/div>\n\t\t<div class=\"elementor-element elementor-element-c64f268 e-flex e-con-boxed e-con e-parent\" data-id=\"c64f268\" data-element_type=\"container\" data-e-type=\"container\" data-settings=\"{&quot;background_background&quot;:&quot;classic&quot;}\">\n\t\t\t\t\t<div class=\"e-con-inner\">\n\t\t\t\t<div class=\"elementor-element elementor-element-4cc16c0 elementor-widget elementor-widget-heading\" data-id=\"4cc16c0\" data-element_type=\"widget\" data-e-type=\"widget\" data-widget_type=\"heading.default\">\n\t\t\t\t\t<h2 class=\"elementor-heading-title elementor-size-default\">Ultra-Low Water Consumption<\/h2>\t\t\t\t<\/div>\n\t\t\t\t<div class=\"elementor-element elementor-element-ba472ba elementor-widget elementor-widget-text-editor\" data-id=\"ba472ba\" data-element_type=\"widget\" data-e-type=\"widget\" data-widget_type=\"text-editor.default\">\n\t\t\t\t\t\t\t\t\tOngoing research on the water footprint of Coapetilla is beginning to show promising results. Early data suggests that its cultivation may require less than 100 liters of water per kilogram of fruit produced, opening the possibility of establishing a new agricultural category: Ultra-Low Water Consumption Foods. This classification could set a precedent for promoting Coapetilla cultivation within a global context of water scarcity and climate change.\t\t\t\t\t\t\t\t<\/div>\n\t\t\t\t\t<\/div>\n\t\t\t\t<\/div>\n\t\t<div class=\"elementor-element elementor-element-49ad696 e-flex e-con-boxed e-con e-parent\" data-id=\"49ad696\" data-element_type=\"container\" data-e-type=\"container\">\n\t\t\t\t\t<div class=\"e-con-inner\">\n\t\t<div class=\"elementor-element elementor-element-9fc784e e-con-full e-flex e-con e-child\" data-id=\"9fc784e\" data-element_type=\"container\" data-e-type=\"container\">\n\t\t<div class=\"elementor-element elementor-element-18ca119 e-con-full e-flex e-con e-child\" data-id=\"18ca119\" data-element_type=\"container\" data-e-type=\"container\" data-settings=\"{&quot;background_background&quot;:&quot;classic&quot;}\">\n\t\t\t\t<\/div>\n\t\t<div class=\"elementor-element elementor-element-4db6699 e-con-full e-flex e-con e-child\" data-id=\"4db6699\" data-element_type=\"container\" data-e-type=\"container\" data-settings=\"{&quot;background_background&quot;:&quot;classic&quot;}\">\n\t\t\t\t<div class=\"elementor-element elementor-element-01d91ea elementor-widget elementor-widget-heading\" data-id=\"01d91ea\" data-element_type=\"widget\" data-e-type=\"widget\" data-widget_type=\"heading.default\">\n\t\t\t\t\t<h2 class=\"elementor-heading-title elementor-size-default\">Research and Recent Findings<\/h2>\t\t\t\t<\/div>\n\t\t\t\t<div class=\"elementor-element elementor-element-edac434 elementor-widget elementor-widget-text-editor\" data-id=\"edac434\" data-element_type=\"widget\" data-e-type=\"widget\" data-widget_type=\"text-editor.default\">\n\t\t\t\t\t\t\t\t\t<p class=\"translation-block\">Recent findings have shown that juvenile <strong class=\"purple\">Coapetilla<\/strong> plants can grow normally and complete their physiological functions with irrigation limited to just two months per year, using less than 5 cm of irrigation water per hectare.<\/p>\n<p><\/p>\n\t\t\t\t\t\t\t\t<\/div>\n\t\t\t\t<\/div>\n\t\t\t\t<\/div>\n\t\t\t\t\t<\/div>\n\t\t\t\t<\/div>\n\t\t<div class=\"elementor-element elementor-element-218a55e e-con-full e-flex e-con e-parent\" data-id=\"218a55e\" data-element_type=\"container\" data-e-type=\"container\">\n\t\t<div class=\"elementor-element elementor-element-92eb80f e-con-full e-flex e-con e-child\" data-id=\"92eb80f\" data-element_type=\"container\" data-e-type=\"container\" data-settings=\"{&quot;background_background&quot;:&quot;classic&quot;}\">\n\t\t\t\t<\/div>\n\t\t<div class=\"elementor-element elementor-element-557e17c e-flex e-con-boxed e-con e-child\" data-id=\"557e17c\" data-element_type=\"container\" data-e-type=\"container\" data-settings=\"{&quot;background_background&quot;:&quot;classic&quot;}\">\n\t\t\t\t\t<div class=\"e-con-inner\">\n\t\t\t\t<div class=\"elementor-element elementor-element-977d0aa elementor-widget elementor-widget-heading\" data-id=\"977d0aa\" data-element_type=\"widget\" data-e-type=\"widget\" data-widget_type=\"heading.default\">\n\t\t\t\t\t<h2 class=\"elementor-heading-title elementor-size-default\">Ongoing Projects for Water Use Optimization<\/h2>\t\t\t\t<\/div>\n\t\t<div class=\"elementor-element elementor-element-831c59d e-con-full e-flex e-con e-child\" data-id=\"831c59d\" data-element_type=\"container\" data-e-type=\"container\">\n\t\t<div class=\"elementor-element elementor-element-9314fbd e-con-full e-flex e-con e-child\" data-id=\"9314fbd\" data-element_type=\"container\" data-e-type=\"container\">\n\t\t\t\t<div class=\"elementor-element elementor-element-b6b1dc7 elementor-widget elementor-widget-text-editor\" data-id=\"b6b1dc7\" data-element_type=\"widget\" data-e-type=\"widget\" data-widget_type=\"text-editor.default\">\n\t\t\t\t\t\t\t\t\t<div>We are currently conducting research focused on optimizing water efficiency in Coapetilla cultivation, with emphasis on:<\/div>\n<div><\/div>\n<div>\n<ul>\n<li>Precise determination of the water footprint in adult specimens.<\/li>\n<li><span lang=\"es-MX\">Determination of water requirements in juvenile specimens during the reproductive stage.<\/span><\/li>\n<li>Evaluation of different water volumes and their impact on the productivity and quality of Coapetilla fruit in both juvenile and adult specimens.<\/li>\n<\/ul>\n<\/div>\n\t\t\t\t\t\t\t\t<\/div>\n\t\t\t\t<\/div>\n\t\t\t\t<\/div>\n\t\t\t\t\t<\/div>\n\t\t\t\t<\/div>\n\t\t\t\t<\/div>\n\t\t<div class=\"elementor-element elementor-element-4bc33c8 e-flex e-con-boxed e-con e-parent\" data-id=\"4bc33c8\" data-element_type=\"container\" data-e-type=\"container\">\n\t\t\t\t\t<div class=\"e-con-inner\">\n\t\t<div class=\"elementor-element elementor-element-53b506e e-con-full e-flex e-con e-child\" data-id=\"53b506e\" data-element_type=\"container\" data-e-type=\"container\">\n\t\t<div class=\"elementor-element elementor-element-e2c7ebd e-con-full e-flex e-con e-child\" data-id=\"e2c7ebd\" data-element_type=\"container\" data-e-type=\"container\" data-settings=\"{&quot;background_background&quot;:&quot;classic&quot;}\">\n\t\t\t\t<div class=\"elementor-element elementor-element-6960732 elementor-widget elementor-widget-image\" data-id=\"6960732\" data-element_type=\"widget\" data-e-type=\"widget\" data-widget_type=\"image.default\">\n\t\t\t\t\t\t\t\t\t\t\t\t\t\t\t<img fetchpriority=\"high\" decoding=\"async\" width=\"800\" height=\"153\" src=\"https:\/\/coapetilladesertfruits.com\/wp-content\/uploads\/2025\/08\/CoapetillaWeb_Logo-1-4-1024x196.png\" class=\"attachment-large size-large wp-image-367\" alt=\"\" srcset=\"https:\/\/coapetilladesertfruits.com\/wp-content\/uploads\/2025\/08\/CoapetillaWeb_Logo-1-4-1024x196.png 1024w, https:\/\/coapetilladesertfruits.com\/wp-content\/uploads\/2025\/08\/CoapetillaWeb_Logo-1-4-300x57.png 300w, https:\/\/coapetilladesertfruits.com\/wp-content\/uploads\/2025\/08\/CoapetillaWeb_Logo-1-4-768x147.png 768w, https:\/\/coapetilladesertfruits.com\/wp-content\/uploads\/2025\/08\/CoapetillaWeb_Logo-1-4-1536x294.png 1536w, https:\/\/coapetilladesertfruits.com\/wp-content\/uploads\/2025\/08\/CoapetillaWeb_Logo-1-4-18x3.png 18w, https:\/\/coapetilladesertfruits.com\/wp-content\/uploads\/2025\/08\/CoapetillaWeb_Logo-1-4.png 1920w\" sizes=\"(max-width: 800px) 100vw, 800px\" \/>\t\t\t\t\t\t\t\t\t\t\t\t\t\t\t<\/div>\n\t\t\t\t<div class=\"elementor-element elementor-element-c61d36f elementor-widget elementor-widget-heading\" data-id=\"c61d36f\" data-element_type=\"widget\" data-e-type=\"widget\" data-widget_type=\"heading.default\">\n\t\t\t\t\t<h2 class=\"elementor-heading-title elementor-size-default\">Join the Solution<\/h2>\t\t\t\t<\/div>\n\t\t\t\t<div class=\"elementor-element elementor-element-467d1cc elementor-widget elementor-widget-text-editor\" data-id=\"467d1cc\" data-element_type=\"widget\" data-e-type=\"widget\" data-widget_type=\"text-editor.default\">\n\t\t\t\t\t\t\t\t\t<p class=\"translation-block\">Are you looking for an agricultural alternative capable of significantly reducing water stress in the arid or semi-arid regions of your country?<\/p>\n\t\t\t\t\t\t\t\t<\/div>\n\t\t\t\t<div class=\"elementor-element elementor-element-d33f1a6 elementor-widget elementor-widget-button\" data-id=\"d33f1a6\" data-element_type=\"widget\" data-e-type=\"widget\" data-widget_type=\"button.default\">\n\t\t\t\t\t\t\t\t\t\t<a class=\"elementor-button elementor-button-link elementor-size-sm\" href=\"#elementor-action%3Aaction%3Dpopup%3Aopen%26settings%3DeyJpZCI6IjU4NyIsInRvZ2dsZSI6ZmFsc2V9\">\n\t\t\t\t\t\t<span class=\"elementor-button-content-wrapper\">\n\t\t\t\t\t\t\t\t\t<span class=\"elementor-button-text\">Contact Us!<\/span>\n\t\t\t\t\t<\/span>\n\t\t\t\t\t<\/a>\n\t\t\t\t\t\t\t\t<\/div>\n\t\t\t\t<div class=\"elementor-element elementor-element-6504294 elementor-widget elementor-widget-image\" data-id=\"6504294\" data-element_type=\"widget\" data-e-type=\"widget\" data-widget_type=\"image.default\">\n\t\t\t\t\t\t\t\t\t\t\t\t\t\t\t<img decoding=\"async\" width=\"800\" height=\"46\" src=\"https:\/\/coapetilladesertfruits.com\/wp-content\/uploads\/2025\/08\/CoapetillaWeb_Logo-3-4-1024x59.png\" class=\"attachment-large size-large wp-image-450\" alt=\"\" srcset=\"https:\/\/coapetilladesertfruits.com\/wp-content\/uploads\/2025\/08\/CoapetillaWeb_Logo-3-4-1024x59.png 1024w, https:\/\/coapetilladesertfruits.com\/wp-content\/uploads\/2025\/08\/CoapetillaWeb_Logo-3-4-300x17.png 300w, https:\/\/coapetilladesertfruits.com\/wp-content\/uploads\/2025\/08\/CoapetillaWeb_Logo-3-4-768x44.png 768w, https:\/\/coapetilladesertfruits.com\/wp-content\/uploads\/2025\/08\/CoapetillaWeb_Logo-3-4-1536x88.png 1536w, https:\/\/coapetilladesertfruits.com\/wp-content\/uploads\/2025\/08\/CoapetillaWeb_Logo-3-4-18x1.png 18w, https:\/\/coapetilladesertfruits.com\/wp-content\/uploads\/2025\/08\/CoapetillaWeb_Logo-3-4.png 1920w\" sizes=\"(max-width: 800px) 100vw, 800px\" \/>\t\t\t\t\t\t\t\t\t\t\t\t\t\t\t<\/div>\n\t\t\t\t<\/div>\n\t\t<div class=\"elementor-element elementor-element-5c5b2a8 e-con-full e-flex e-con e-child\" data-id=\"5c5b2a8\" data-element_type=\"container\" data-e-type=\"container\" data-settings=\"{&quot;background_background&quot;:&quot;classic&quot;}\">\n\t\t\t\t<\/div>\n\t\t\t\t<\/div>\n\t\t\t\t\t<\/div>\n\t\t\t\t<\/div>\n\t\t\t\t<\/div>","protected":false},"excerpt":{"rendered":"<p>La Coapetilla frente al Estr\u00e9s H\u00eddrico Ultra Bajo Consumo de Agua Investigaciones y Resultados Recientes Proyectos en Curso para la Optimizaci\u00f3n del Uso del Agua \u00danete a la soluci\u00f3n \u00a1Cont\u00e1ctanos!<\/p>","protected":false},"author":1,"featured_media":0,"parent":0,"menu_order":0,"comment_status":"closed","ping_status":"closed","template":"elementor_header_footer","meta":{"_acf_changed":false,"footnotes":""},"class_list":["post-319","page","type-page","status-publish","hentry"],"acf":[],"_links":{"self":[{"href":"http:\/\/coapetilladesertfruits.com\/en\/wp-json\/wp\/v2\/pages\/319","targetHints":{"allow":["GET"]}}],"collection":[{"href":"http:\/\/coapetilladesertfruits.com\/en\/wp-json\/wp\/v2\/pages"}],"about":[{"href":"http:\/\/coapetilladesertfruits.com\/en\/wp-json\/wp\/v2\/types\/page"}],"author":[{"embeddable":true,"href":"http:\/\/coapetilladesertfruits.com\/en\/wp-json\/wp\/v2\/users\/1"}],"replies":[{"embeddable":true,"href":"http:\/\/coapetilladesertfruits.com\/en\/wp-json\/wp\/v2\/comments?post=319"}],"version-history":[{"count":28,"href":"http:\/\/coapetilladesertfruits.com\/en\/wp-json\/wp\/v2\/pages\/319\/revisions"}],"predecessor-version":[{"id":691,"href":"http:\/\/coapetilladesertfruits.com\/en\/wp-json\/wp\/v2\/pages\/319\/revisions\/691"}],"wp:attachment":[{"href":"http:\/\/coapetilladesertfruits.com\/en\/wp-json\/wp\/v2\/media?parent=319"}],"curies":[{"name":"wp","href":"https:\/\/api.w.org\/{rel}","templated":true}]}}