{"id":323,"date":"2025-08-30T09:15:12","date_gmt":"2025-08-30T09:15:12","guid":{"rendered":"https:\/\/coapetilladesertfruits.com\/?page_id=323"},"modified":"2025-09-08T06:26:00","modified_gmt":"2025-09-08T06:26:00","slug":"ods-onu-2030","status":"publish","type":"page","link":"https:\/\/coapetilladesertfruits.com\/en\/ods-onu-2030\/","title":{"rendered":"UN SDGs 2030"},"content":{"rendered":"<div data-elementor-type=\"wp-page\" data-elementor-id=\"323\" class=\"elementor elementor-323\" data-elementor-post-type=\"page\">\n\t\t\t\t<div class=\"elementor-element elementor-element-ec1da5d e-con-full e-flex e-con e-parent\" data-id=\"ec1da5d\" data-element_type=\"container\" data-e-type=\"container\" data-settings=\"{&quot;background_background&quot;:&quot;classic&quot;}\">\n\t\t<div class=\"elementor-element elementor-element-f0f5a2d e-con-full e-flex e-con e-child\" data-id=\"f0f5a2d\" data-element_type=\"container\" data-e-type=\"container\" data-settings=\"{&quot;background_background&quot;:&quot;classic&quot;}\">\n\t\t\t\t<\/div>\n\t\t<div class=\"elementor-element elementor-element-d8a4978 e-flex e-con-boxed e-con e-child\" data-id=\"d8a4978\" data-element_type=\"container\" data-e-type=\"container\" data-settings=\"{&quot;background_background&quot;:&quot;classic&quot;}\">\n\t\t\t\t\t<div class=\"e-con-inner\">\n\t\t\t\t<div class=\"elementor-element elementor-element-f2d84db elementor-widget elementor-widget-heading\" data-id=\"f2d84db\" data-element_type=\"widget\" data-e-type=\"widget\" data-widget_type=\"heading.default\">\n\t\t\t\t\t<h2 class=\"elementor-heading-title elementor-size-default\">Coapetilla and the 2030 SDGs: <\/h2>\t\t\t\t<\/div>\n\t\t\t\t<div class=\"elementor-element elementor-element-ac2c370 elementor-widget elementor-widget-heading\" data-id=\"ac2c370\" data-element_type=\"widget\" data-e-type=\"widget\" data-widget_type=\"heading.default\">\n\t\t\t\t\t<h2 class=\"elementor-heading-title elementor-size-default\">An agri-food alternative with a direct impact in the fight against poverty, hunger, and the global water crisis.<\/h2>\t\t\t\t<\/div>\n\t\t\t\t\t<\/div>\n\t\t\t\t<\/div>\n\t\t\t\t<\/div>\n\t\t<div class=\"elementor-element elementor-element-839d3c1 e-flex e-con-boxed e-con e-parent\" data-id=\"839d3c1\" data-element_type=\"container\" data-e-type=\"container\" data-settings=\"{&quot;background_background&quot;:&quot;classic&quot;}\">\n\t\t\t\t\t<div class=\"e-con-inner\">\n\t\t<div class=\"elementor-element elementor-element-6310100 e-con-full e-flex e-con e-child\" data-id=\"6310100\" data-element_type=\"container\" data-e-type=\"container\">\n\t\t<div class=\"elementor-element elementor-element-3df17db e-con-full e-flex e-con e-child\" data-id=\"3df17db\" data-element_type=\"container\" data-e-type=\"container\" data-settings=\"{&quot;background_background&quot;:&quot;classic&quot;}\">\n\t\t\t\t<\/div>\n\t\t<div class=\"elementor-element elementor-element-95d46b9 e-con-full e-flex e-con e-child\" data-id=\"95d46b9\" data-element_type=\"container\" data-e-type=\"container\" data-settings=\"{&quot;background_background&quot;:&quot;classic&quot;}\">\n\t\t\t\t<div class=\"elementor-element elementor-element-3a4f891 elementor-widget elementor-widget-image\" data-id=\"3a4f891\" data-element_type=\"widget\" data-e-type=\"widget\" data-widget_type=\"image.default\">\n\t\t\t\t\t\t\t\t\t\t\t\t\t\t\t<img fetchpriority=\"high\" decoding=\"async\" width=\"494\" height=\"218\" src=\"https:\/\/coapetilladesertfruits.com\/wp-content\/uploads\/2025\/08\/CoapetillaWeb_Icono-ODS-1-6.png\" class=\"attachment-large size-large wp-image-361\" alt=\"\" srcset=\"https:\/\/coapetilladesertfruits.com\/wp-content\/uploads\/2025\/08\/CoapetillaWeb_Icono-ODS-1-6.png 494w, https:\/\/coapetilladesertfruits.com\/wp-content\/uploads\/2025\/08\/CoapetillaWeb_Icono-ODS-1-6-300x132.png 300w, https:\/\/coapetilladesertfruits.com\/wp-content\/uploads\/2025\/08\/CoapetillaWeb_Icono-ODS-1-6-18x8.png 18w\" sizes=\"(max-width: 494px) 100vw, 494px\" \/>\t\t\t\t\t\t\t\t\t\t\t\t\t\t\t<\/div>\n\t\t\t\t<div class=\"elementor-element elementor-element-275ac11 elementor-widget elementor-widget-heading\" data-id=\"275ac11\" data-element_type=\"widget\" data-e-type=\"widget\" data-widget_type=\"heading.default\">\n\t\t\t\t\t<h2 class=\"elementor-heading-title elementor-size-default\"><strong>SDG 1:<\/strong> No Poverty<\/h2>\t\t\t\t<\/div>\n\t\t\t\t<div class=\"elementor-element elementor-element-aab6703 elementor-widget elementor-widget-text-editor\" data-id=\"aab6703\" data-element_type=\"widget\" data-e-type=\"widget\" data-widget_type=\"text-editor.default\">\n\t\t\t\t\t\t\t\t\t<p class=\"translation-block\">The cultivation of Coapetilla can create new economic opportunities in marginalized and arid regions of the world, where agricultural options are limited. Its high productivity, low water requirements, ability to grow in degraded soils, and low anthropogenic energy demand compared to other fruit trees make it possible to promote sustainable production models that help improve the income and living conditions of communities living in poverty.<\/p>\n\t\t\t\t\t\t\t\t<\/div>\n\t\t\t\t<\/div>\n\t\t\t\t<\/div>\n\t\t<div class=\"elementor-element elementor-element-2041e41 e-con-full e-flex e-con e-child\" data-id=\"2041e41\" data-element_type=\"container\" data-e-type=\"container\">\n\t\t<div class=\"elementor-element elementor-element-6143f13 e-con-full e-flex e-con e-child\" data-id=\"6143f13\" data-element_type=\"container\" data-e-type=\"container\" data-settings=\"{&quot;background_background&quot;:&quot;classic&quot;}\">\n\t\t\t\t<div class=\"elementor-element elementor-element-0d460f6 elementor-widget elementor-widget-image\" data-id=\"0d460f6\" data-element_type=\"widget\" data-e-type=\"widget\" data-widget_type=\"image.default\">\n\t\t\t\t\t\t\t\t\t\t\t\t\t\t\t<img decoding=\"async\" width=\"255\" height=\"218\" src=\"https:\/\/coapetilladesertfruits.com\/wp-content\/uploads\/2025\/08\/CoapetillaWeb_Icono-ODS-2-6.png\" class=\"attachment-large size-large wp-image-362\" alt=\"\" srcset=\"https:\/\/coapetilladesertfruits.com\/wp-content\/uploads\/2025\/08\/CoapetillaWeb_Icono-ODS-2-6.png 255w, https:\/\/coapetilladesertfruits.com\/wp-content\/uploads\/2025\/08\/CoapetillaWeb_Icono-ODS-2-6-14x12.png 14w\" sizes=\"(max-width: 255px) 100vw, 255px\" \/>\t\t\t\t\t\t\t\t\t\t\t\t\t\t\t<\/div>\n\t\t\t\t<div class=\"elementor-element elementor-element-2cd1548 elementor-widget elementor-widget-heading\" data-id=\"2cd1548\" data-element_type=\"widget\" data-e-type=\"widget\" data-widget_type=\"heading.default\">\n\t\t\t\t\t<h2 class=\"elementor-heading-title elementor-size-default\"><strong>SDG 2:<\/strong> Zero Hunger<\/h2>\t\t\t\t<\/div>\n\t\t\t\t<div class=\"elementor-element elementor-element-3f9b823 elementor-widget elementor-widget-text-editor\" data-id=\"3f9b823\" data-element_type=\"widget\" data-e-type=\"widget\" data-widget_type=\"text-editor.default\">\n\t\t\t\t\t\t\t\t\t<p>La\u00a0<strong>Coapetilla<\/strong>\u00a0<span style=\"font-weight: 400\">The <strong>Coapetilla<\/strong> represents a strategic food source to strengthen food security in the world\u2019s arid and semi-arid regions. Its high nutritional density, per-plant productivity, and ability to grow where traditional crops cannot thrive make it a viable alternative to diversify diets and improve access to nutritious food in communities vulnerable to hunger.<\/span><\/p>\n\t\t\t\t\t\t\t\t<\/div>\n\t\t\t\t<\/div>\n\t\t<div class=\"elementor-element elementor-element-de3657f e-con-full e-flex e-con e-child\" data-id=\"de3657f\" data-element_type=\"container\" data-e-type=\"container\" data-settings=\"{&quot;background_background&quot;:&quot;classic&quot;}\">\n\t\t\t\t<\/div>\n\t\t\t\t<\/div>\n\t\t<div class=\"elementor-element elementor-element-e590f07 e-con-full e-flex e-con e-child\" data-id=\"e590f07\" data-element_type=\"container\" data-e-type=\"container\">\n\t\t<div class=\"elementor-element elementor-element-3020104 e-con-full e-flex e-con e-child\" data-id=\"3020104\" data-element_type=\"container\" data-e-type=\"container\" data-settings=\"{&quot;background_background&quot;:&quot;classic&quot;}\">\n\t\t\t\t<\/div>\n\t\t<div class=\"elementor-element elementor-element-e540566 e-con-full e-flex e-con e-child\" data-id=\"e540566\" data-element_type=\"container\" data-e-type=\"container\" data-settings=\"{&quot;background_background&quot;:&quot;classic&quot;}\">\n\t\t\t\t<div class=\"elementor-element elementor-element-3641fdc elementor-widget elementor-widget-image\" data-id=\"3641fdc\" data-element_type=\"widget\" data-e-type=\"widget\" data-widget_type=\"image.default\">\n\t\t\t\t\t\t\t\t\t\t\t\t\t\t\t<img decoding=\"async\" width=\"158\" height=\"218\" src=\"https:\/\/coapetilladesertfruits.com\/wp-content\/uploads\/2025\/08\/CoapetillaWeb_Icono-ODS-3-6.png\" class=\"attachment-large size-large wp-image-363\" alt=\"\" srcset=\"https:\/\/coapetilladesertfruits.com\/wp-content\/uploads\/2025\/08\/CoapetillaWeb_Icono-ODS-3-6.png 158w, https:\/\/coapetilladesertfruits.com\/wp-content\/uploads\/2025\/08\/CoapetillaWeb_Icono-ODS-3-6-9x12.png 9w\" sizes=\"(max-width: 158px) 100vw, 158px\" \/>\t\t\t\t\t\t\t\t\t\t\t\t\t\t\t<\/div>\n\t\t\t\t<div class=\"elementor-element elementor-element-b13dbac elementor-widget elementor-widget-heading\" data-id=\"b13dbac\" data-element_type=\"widget\" data-e-type=\"widget\" data-widget_type=\"heading.default\">\n\t\t\t\t\t<h2 class=\"elementor-heading-title elementor-size-default\"><strong>SDG 6:<\/strong>  Clean Water and Sanitation\n<\/h2>\t\t\t\t<\/div>\n\t\t\t\t<div class=\"elementor-element elementor-element-ac9dfe5 elementor-widget elementor-widget-text-editor\" data-id=\"ac9dfe5\" data-element_type=\"widget\" data-e-type=\"widget\" data-widget_type=\"text-editor.default\">\n\t\t\t\t\t\t\t\t\t<p>Thanks to its minimal water footprint, Coapetilla cultivation promotes a more efficient and responsible use of water resources. Its short irrigation cycle and adaptability to drought conditions can reduce water stress on freshwater sources, enabling more sustainable agricultural systems in regions where water is scarce or contaminated.<\/p>\n\t\t\t\t\t\t\t\t<\/div>\n\t\t\t\t<\/div>\n\t\t\t\t<\/div>\n\t\t<div class=\"elementor-element elementor-element-47240d3 e-con-full e-flex e-con e-child\" data-id=\"47240d3\" data-element_type=\"container\" data-e-type=\"container\">\n\t\t<div class=\"elementor-element elementor-element-d251a88 e-con-full e-flex e-con e-child\" data-id=\"d251a88\" data-element_type=\"container\" data-e-type=\"container\" data-settings=\"{&quot;background_background&quot;:&quot;classic&quot;}\">\n\t\t\t\t<div class=\"elementor-element elementor-element-072b492 elementor-widget elementor-widget-image\" data-id=\"072b492\" data-element_type=\"widget\" data-e-type=\"widget\" data-widget_type=\"image.default\">\n\t\t\t\t\t\t\t\t\t\t\t\t\t\t\t<img loading=\"lazy\" decoding=\"async\" width=\"432\" height=\"218\" src=\"https:\/\/coapetilladesertfruits.com\/wp-content\/uploads\/2025\/08\/CoapetillaWeb_Icono-ODS-4-6.png\" class=\"attachment-large size-large wp-image-364\" alt=\"\" srcset=\"https:\/\/coapetilladesertfruits.com\/wp-content\/uploads\/2025\/08\/CoapetillaWeb_Icono-ODS-4-6.png 432w, https:\/\/coapetilladesertfruits.com\/wp-content\/uploads\/2025\/08\/CoapetillaWeb_Icono-ODS-4-6-300x151.png 300w, https:\/\/coapetilladesertfruits.com\/wp-content\/uploads\/2025\/08\/CoapetillaWeb_Icono-ODS-4-6-18x9.png 18w\" sizes=\"(max-width: 432px) 100vw, 432px\" \/>\t\t\t\t\t\t\t\t\t\t\t\t\t\t\t<\/div>\n\t\t\t\t<div class=\"elementor-element elementor-element-c4fa662 elementor-widget elementor-widget-heading\" data-id=\"c4fa662\" data-element_type=\"widget\" data-e-type=\"widget\" data-widget_type=\"heading.default\">\n\t\t\t\t\t<h2 class=\"elementor-heading-title elementor-size-default\"><strong>SDG 12:<\/strong> Responsible Consumption and Production<\/h2>\t\t\t\t<\/div>\n\t\t\t\t<div class=\"elementor-element elementor-element-9deabeb elementor-widget elementor-widget-text-editor\" data-id=\"9deabeb\" data-element_type=\"widget\" data-e-type=\"widget\" data-widget_type=\"text-editor.default\">\n\t\t\t\t\t\t\t\t\t<p class=\"translation-block\">The cultivation of Coapetilla promotes more sustainable agricultural models by requiring fewer natural resources, less human intervention, and being viable in degraded soils. Its use encourages responsible production practices with lower environmental impact and greater resilience in the face of the challenges posed by global food consumption.<\/p>\n\t\t\t\t\t\t\t\t<\/div>\n\t\t\t\t<\/div>\n\t\t<div class=\"elementor-element elementor-element-0902b2a e-con-full e-flex e-con e-child\" data-id=\"0902b2a\" data-element_type=\"container\" data-e-type=\"container\" data-settings=\"{&quot;background_background&quot;:&quot;classic&quot;}\">\n\t\t\t\t<\/div>\n\t\t\t\t<\/div>\n\t\t<div class=\"elementor-element elementor-element-5df4714 e-con-full e-flex e-con e-child\" data-id=\"5df4714\" data-element_type=\"container\" data-e-type=\"container\">\n\t\t<div class=\"elementor-element elementor-element-1f8a4fc e-con-full e-flex e-con e-child\" data-id=\"1f8a4fc\" data-element_type=\"container\" data-e-type=\"container\" data-settings=\"{&quot;background_background&quot;:&quot;classic&quot;}\">\n\t\t\t\t<\/div>\n\t\t<div class=\"elementor-element elementor-element-48c1ee1 e-con-full e-flex e-con e-child\" data-id=\"48c1ee1\" data-element_type=\"container\" data-e-type=\"container\" data-settings=\"{&quot;background_background&quot;:&quot;classic&quot;}\">\n\t\t\t\t<div class=\"elementor-element elementor-element-1fdbde9 elementor-widget elementor-widget-image\" data-id=\"1fdbde9\" data-element_type=\"widget\" data-e-type=\"widget\" data-widget_type=\"image.default\">\n\t\t\t\t\t\t\t\t\t\t\t\t\t\t\t<img loading=\"lazy\" decoding=\"async\" width=\"500\" height=\"255\" src=\"https:\/\/coapetilladesertfruits.com\/wp-content\/uploads\/2025\/08\/CoapetillaWeb_Icono-ODS-5-6.png\" class=\"attachment-large size-large wp-image-365\" alt=\"\" srcset=\"https:\/\/coapetilladesertfruits.com\/wp-content\/uploads\/2025\/08\/CoapetillaWeb_Icono-ODS-5-6.png 500w, https:\/\/coapetilladesertfruits.com\/wp-content\/uploads\/2025\/08\/CoapetillaWeb_Icono-ODS-5-6-300x153.png 300w, https:\/\/coapetilladesertfruits.com\/wp-content\/uploads\/2025\/08\/CoapetillaWeb_Icono-ODS-5-6-18x9.png 18w\" sizes=\"(max-width: 500px) 100vw, 500px\" \/>\t\t\t\t\t\t\t\t\t\t\t\t\t\t\t<\/div>\n\t\t\t\t<div class=\"elementor-element elementor-element-4017c62 elementor-widget elementor-widget-heading\" data-id=\"4017c62\" data-element_type=\"widget\" data-e-type=\"widget\" data-widget_type=\"heading.default\">\n\t\t\t\t\t<h2 class=\"elementor-heading-title elementor-size-default\"><strong>SDG 13:<\/strong>  Climate Action\n<\/h2>\t\t\t\t<\/div>\n\t\t\t\t<div class=\"elementor-element elementor-element-53dd541 elementor-widget elementor-widget-text-editor\" data-id=\"53dd541\" data-element_type=\"widget\" data-e-type=\"widget\" data-widget_type=\"text-editor.default\">\n\t\t\t\t\t\t\t\t\t<p>Coapetilla production contributes to climate change adaptation through a resilient production system capable of withstanding extreme temperatures, drought, and degraded soils. Its low requirements for water and potentially polluting resources such as chemical fertilizers and pesticides significantly reduce its environmental footprint, positioning it as an agricultural option aligned with climate mitigation strategies.<\/p>\n\t\t\t\t\t\t\t\t<\/div>\n\t\t\t\t<\/div>\n\t\t\t\t<\/div>\n\t\t<div class=\"elementor-element elementor-element-63ac08a e-con-full e-flex e-con e-child\" data-id=\"63ac08a\" data-element_type=\"container\" data-e-type=\"container\">\n\t\t<div class=\"elementor-element elementor-element-7621381 e-con-full e-flex e-con e-child\" data-id=\"7621381\" data-element_type=\"container\" data-e-type=\"container\" data-settings=\"{&quot;background_background&quot;:&quot;classic&quot;}\">\n\t\t\t\t<div class=\"elementor-element elementor-element-d0c9eb8 elementor-widget elementor-widget-image\" data-id=\"d0c9eb8\" data-element_type=\"widget\" data-e-type=\"widget\" data-widget_type=\"image.default\">\n\t\t\t\t\t\t\t\t\t\t\t\t\t\t\t<img loading=\"lazy\" decoding=\"async\" width=\"261\" height=\"256\" src=\"https:\/\/coapetilladesertfruits.com\/wp-content\/uploads\/2025\/08\/CoapetillaWeb_Icono-ODS-6-6.png\" class=\"attachment-large size-large wp-image-366\" alt=\"\" srcset=\"https:\/\/coapetilladesertfruits.com\/wp-content\/uploads\/2025\/08\/CoapetillaWeb_Icono-ODS-6-6.png 261w, https:\/\/coapetilladesertfruits.com\/wp-content\/uploads\/2025\/08\/CoapetillaWeb_Icono-ODS-6-6-12x12.png 12w\" sizes=\"(max-width: 261px) 100vw, 261px\" \/>\t\t\t\t\t\t\t\t\t\t\t\t\t\t\t<\/div>\n\t\t\t\t<div class=\"elementor-element elementor-element-0a40b75 elementor-widget elementor-widget-heading\" data-id=\"0a40b75\" data-element_type=\"widget\" data-e-type=\"widget\" data-widget_type=\"heading.default\">\n\t\t\t\t\t<h2 class=\"elementor-heading-title elementor-size-default\"><strong>SDG 15:<\/strong> Life on Land<\/h2>\t\t\t\t<\/div>\n\t\t\t\t<div class=\"elementor-element elementor-element-e974246 elementor-widget elementor-widget-text-editor\" data-id=\"e974246\" data-element_type=\"widget\" data-e-type=\"widget\" data-widget_type=\"text-editor.default\">\n\t\t\t\t\t\t\t\t\t<p class=\"translation-block\">The controlled cultivation of Coapetilla on already degraded land helps restore the functionality of eroded soils without disturbing native ecosystems, providing a sustainable path to recover marginal agricultural areas and preserve environmental balance in arid regions.<\/p>\n\t\t\t\t\t\t\t\t<\/div>\n\t\t\t\t<\/div>\n\t\t<div class=\"elementor-element elementor-element-024d63c e-con-full e-flex e-con e-child\" data-id=\"024d63c\" data-element_type=\"container\" data-e-type=\"container\" data-settings=\"{&quot;background_background&quot;:&quot;classic&quot;}\">\n\t\t\t\t<\/div>\n\t\t\t\t<\/div>\n\t\t\t\t\t<\/div>\n\t\t\t\t<\/div>\n\t\t<div class=\"elementor-element elementor-element-a19f0a6 e-flex e-con-boxed e-con e-parent\" data-id=\"a19f0a6\" data-element_type=\"container\" data-e-type=\"container\">\n\t\t\t\t\t<div class=\"e-con-inner\">\n\t\t<div class=\"elementor-element elementor-element-87a3bb9 e-con-full e-flex e-con e-child\" data-id=\"87a3bb9\" data-element_type=\"container\" data-e-type=\"container\">\n\t\t<div class=\"elementor-element elementor-element-aa06f71 e-con-full e-flex e-con e-child\" data-id=\"aa06f71\" data-element_type=\"container\" data-e-type=\"container\" data-settings=\"{&quot;background_background&quot;:&quot;classic&quot;}\">\n\t\t\t\t<div class=\"elementor-element elementor-element-20720a1 elementor-widget elementor-widget-image\" data-id=\"20720a1\" data-element_type=\"widget\" data-e-type=\"widget\" data-widget_type=\"image.default\">\n\t\t\t\t\t\t\t\t\t\t\t\t\t\t\t<img loading=\"lazy\" decoding=\"async\" width=\"800\" height=\"153\" src=\"https:\/\/coapetilladesertfruits.com\/wp-content\/uploads\/2025\/08\/CoapetillaWeb_Logo-1-4-1024x196.png\" class=\"attachment-large size-large wp-image-367\" alt=\"\" srcset=\"https:\/\/coapetilladesertfruits.com\/wp-content\/uploads\/2025\/08\/CoapetillaWeb_Logo-1-4-1024x196.png 1024w, https:\/\/coapetilladesertfruits.com\/wp-content\/uploads\/2025\/08\/CoapetillaWeb_Logo-1-4-300x57.png 300w, https:\/\/coapetilladesertfruits.com\/wp-content\/uploads\/2025\/08\/CoapetillaWeb_Logo-1-4-768x147.png 768w, https:\/\/coapetilladesertfruits.com\/wp-content\/uploads\/2025\/08\/CoapetillaWeb_Logo-1-4-1536x294.png 1536w, https:\/\/coapetilladesertfruits.com\/wp-content\/uploads\/2025\/08\/CoapetillaWeb_Logo-1-4-18x3.png 18w, https:\/\/coapetilladesertfruits.com\/wp-content\/uploads\/2025\/08\/CoapetillaWeb_Logo-1-4.png 1920w\" sizes=\"(max-width: 800px) 100vw, 800px\" \/>\t\t\t\t\t\t\t\t\t\t\t\t\t\t\t<\/div>\n\t\t\t\t<div class=\"elementor-element elementor-element-df3830a elementor-widget elementor-widget-heading\" data-id=\"df3830a\" data-element_type=\"widget\" data-e-type=\"widget\" data-widget_type=\"heading.default\">\n\t\t\t\t\t<h2 class=\"elementor-heading-title elementor-size-default\">Join the Global Impact<\/h2>\t\t\t\t<\/div>\n\t\t\t\t<div class=\"elementor-element elementor-element-64de933 elementor-widget elementor-widget-text-editor\" data-id=\"64de933\" data-element_type=\"widget\" data-e-type=\"widget\" data-widget_type=\"text-editor.default\">\n\t\t\t\t\t\t\t\t\t<p class=\"translation-block\">Are you interested in contributing to the achievement of the UN 2030 SDGs through this innovative food alternative?<\/p>\t\t\t\t\t\t\t\t<\/div>\n\t\t\t\t<div class=\"elementor-element elementor-element-ed02cd6 elementor-widget elementor-widget-text-editor\" data-id=\"ed02cd6\" data-element_type=\"widget\" data-e-type=\"widget\" data-widget_type=\"text-editor.default\">\n\t\t\t\t\t\t\t\t\t<p class=\"translation-block\"><span style=\"font-weight: 400\">The cultivation of <strong>Coapetilla<\/strong> has the potential to impact six of the <strong>Sustainable Development Goals:<br><\/strong><\/span><\/p><p align=\"justify\"><span id=\"Frame13\" dir=\"ltr\"><\/span><span lang=\"es-MX\">SDG 1: No Poverty<\/span><\/p><p align=\"justify\"><span lang=\"es-MX\">SDG 2: Zero Hunger<\/span><\/p><p align=\"justify\"><span lang=\"es-MX\">SDG 6: Clean Water and Sanitation<\/span><\/p><p align=\"justify\"><span lang=\"es-MX\">SDG 12: Responsible Consumption and Production<\/span><\/p><p align=\"justify\"><span lang=\"es-MX\">SDG 13: Climate Action<\/span><\/p><p align=\"justify\"><span lang=\"es-MX\">SDG 15: Life on Land<\/span><\/p>\t\t\t\t\t\t\t\t<\/div>\n\t\t\t\t<div class=\"elementor-element elementor-element-0b94af6 elementor-widget elementor-widget-button\" data-id=\"0b94af6\" data-element_type=\"widget\" data-e-type=\"widget\" data-widget_type=\"button.default\">\n\t\t\t\t\t\t\t\t\t\t<a class=\"elementor-button elementor-button-link elementor-size-sm\" href=\"#elementor-action%3Aaction%3Dpopup%3Aopen%26settings%3DeyJpZCI6IjU4NyIsInRvZ2dsZSI6ZmFsc2V9\">\n\t\t\t\t\t\t<span class=\"elementor-button-content-wrapper\">\n\t\t\t\t\t\t\t\t\t<span class=\"elementor-button-text\">Contact Us!<\/span>\n\t\t\t\t\t<\/span>\n\t\t\t\t\t<\/a>\n\t\t\t\t\t\t\t\t<\/div>\n\t\t\t\t<div class=\"elementor-element elementor-element-e51e251 elementor-widget elementor-widget-image\" data-id=\"e51e251\" data-element_type=\"widget\" data-e-type=\"widget\" data-widget_type=\"image.default\">\n\t\t\t\t\t\t\t\t\t\t\t\t\t\t\t<img loading=\"lazy\" decoding=\"async\" width=\"800\" height=\"46\" src=\"https:\/\/coapetilladesertfruits.com\/wp-content\/uploads\/2025\/08\/CoapetillaWeb_Logo-3-4-1024x59.png\" class=\"attachment-large size-large wp-image-450\" alt=\"\" srcset=\"https:\/\/coapetilladesertfruits.com\/wp-content\/uploads\/2025\/08\/CoapetillaWeb_Logo-3-4-1024x59.png 1024w, https:\/\/coapetilladesertfruits.com\/wp-content\/uploads\/2025\/08\/CoapetillaWeb_Logo-3-4-300x17.png 300w, https:\/\/coapetilladesertfruits.com\/wp-content\/uploads\/2025\/08\/CoapetillaWeb_Logo-3-4-768x44.png 768w, https:\/\/coapetilladesertfruits.com\/wp-content\/uploads\/2025\/08\/CoapetillaWeb_Logo-3-4-1536x88.png 1536w, https:\/\/coapetilladesertfruits.com\/wp-content\/uploads\/2025\/08\/CoapetillaWeb_Logo-3-4-18x1.png 18w, https:\/\/coapetilladesertfruits.com\/wp-content\/uploads\/2025\/08\/CoapetillaWeb_Logo-3-4.png 1920w\" sizes=\"(max-width: 800px) 100vw, 800px\" \/>\t\t\t\t\t\t\t\t\t\t\t\t\t\t\t<\/div>\n\t\t\t\t<\/div>\n\t\t<div class=\"elementor-element elementor-element-cc88444 e-con-full e-flex e-con e-child\" data-id=\"cc88444\" data-element_type=\"container\" data-e-type=\"container\" data-settings=\"{&quot;background_background&quot;:&quot;classic&quot;}\">\n\t\t\t\t<\/div>\n\t\t\t\t<\/div>\n\t\t\t\t\t<\/div>\n\t\t\t\t<\/div>\n\t\t\t\t<\/div>","protected":false},"excerpt":{"rendered":"<p>La Coapetilla y los ODS 2030: ODS 1: Fin de la pobreza ODS 2: Hambre Cero ODS 6: Agua limpia y saneamiento ODS 12: Producci\u00f3n y consumo responsables ODS 13: Acci\u00f3n por el clima ODS 15: Vida de ecosistemas terrestres \u00danete al impacto global \u00bfTe interesa contribuir al cumplimiento de los ODS ONU 2030 mediante [&hellip;]<\/p>\n","protected":false},"author":1,"featured_media":0,"parent":0,"menu_order":0,"comment_status":"closed","ping_status":"closed","template":"elementor_header_footer","meta":{"_acf_changed":false,"footnotes":""},"class_list":["post-323","page","type-page","status-publish","hentry"],"acf":[],"_links":{"self":[{"href":"https:\/\/coapetilladesertfruits.com\/en\/wp-json\/wp\/v2\/pages\/323","targetHints":{"allow":["GET"]}}],"collection":[{"href":"https:\/\/coapetilladesertfruits.com\/en\/wp-json\/wp\/v2\/pages"}],"about":[{"href":"https:\/\/coapetilladesertfruits.com\/en\/wp-json\/wp\/v2\/types\/page"}],"author":[{"embeddable":true,"href":"https:\/\/coapetilladesertfruits.com\/en\/wp-json\/wp\/v2\/users\/1"}],"replies":[{"embeddable":true,"href":"https:\/\/coapetilladesertfruits.com\/en\/wp-json\/wp\/v2\/comments?post=323"}],"version-history":[{"count":28,"href":"https:\/\/coapetilladesertfruits.com\/en\/wp-json\/wp\/v2\/pages\/323\/revisions"}],"predecessor-version":[{"id":714,"href":"https:\/\/coapetilladesertfruits.com\/en\/wp-json\/wp\/v2\/pages\/323\/revisions\/714"}],"wp:attachment":[{"href":"https:\/\/coapetilladesertfruits.com\/en\/wp-json\/wp\/v2\/media?parent=323"}],"curies":[{"name":"wp","href":"https:\/\/api.w.org\/{rel}","templated":true}]}}