{"id":328,"date":"2025-08-30T09:16:04","date_gmt":"2025-08-30T09:16:04","guid":{"rendered":"https:\/\/coapetilladesertfruits.com\/?page_id=328"},"modified":"2025-09-04T18:20:36","modified_gmt":"2025-09-04T18:20:36","slug":"alianzas-estrategicas-y-contacto","status":"publish","type":"page","link":"https:\/\/coapetilladesertfruits.com\/en\/alianzas-estrategicas-y-contacto\/","title":{"rendered":"Strategic Partnerships &amp; Contact"},"content":{"rendered":"<div data-elementor-type=\"wp-page\" data-elementor-id=\"328\" class=\"elementor elementor-328\" data-elementor-post-type=\"page\">\n\t\t\t\t<div class=\"elementor-element elementor-element-124e284 e-flex e-con-boxed e-con e-parent\" data-id=\"124e284\" data-element_type=\"container\" data-e-type=\"container\" data-settings=\"{&quot;background_background&quot;:&quot;classic&quot;}\">\n\t\t\t\t\t<div class=\"e-con-inner\">\n\t\t\t\t<div class=\"elementor-element elementor-element-419e09e elementor-widget elementor-widget-image\" data-id=\"419e09e\" data-element_type=\"widget\" data-e-type=\"widget\" data-widget_type=\"image.default\">\n\t\t\t\t\t\t\t\t\t\t\t\t\t\t\t<img fetchpriority=\"high\" decoding=\"async\" width=\"800\" height=\"374\" src=\"https:\/\/coapetilladesertfruits.com\/wp-content\/uploads\/2025\/08\/CoapetillaWeb_Logo-2-4-1024x479.png\" class=\"attachment-large size-large wp-image-368\" alt=\"\" srcset=\"https:\/\/coapetilladesertfruits.com\/wp-content\/uploads\/2025\/08\/CoapetillaWeb_Logo-2-4-1024x479.png 1024w, https:\/\/coapetilladesertfruits.com\/wp-content\/uploads\/2025\/08\/CoapetillaWeb_Logo-2-4-300x140.png 300w, https:\/\/coapetilladesertfruits.com\/wp-content\/uploads\/2025\/08\/CoapetillaWeb_Logo-2-4-768x360.png 768w, https:\/\/coapetilladesertfruits.com\/wp-content\/uploads\/2025\/08\/CoapetillaWeb_Logo-2-4-1536x719.png 1536w, https:\/\/coapetilladesertfruits.com\/wp-content\/uploads\/2025\/08\/CoapetillaWeb_Logo-2-4-18x8.png 18w, https:\/\/coapetilladesertfruits.com\/wp-content\/uploads\/2025\/08\/CoapetillaWeb_Logo-2-4.png 1920w\" sizes=\"(max-width: 800px) 100vw, 800px\" \/>\t\t\t\t\t\t\t\t\t\t\t\t\t\t\t<\/div>\n\t\t\t\t<div class=\"elementor-element elementor-element-4bc9a86 elementor-widget__width-initial elementor-widget elementor-widget-text-editor\" data-id=\"4bc9a86\" data-element_type=\"widget\" data-e-type=\"widget\" data-widget_type=\"text-editor.default\">\n\t\t\t\t\t\t\t\t\t<p>Be part of a global network committed to the sustainable future of the food system.<\/p>\t\t\t\t\t\t\t\t<\/div>\n\t\t\t\t\t<\/div>\n\t\t\t\t<\/div>\n\t\t<div class=\"elementor-element elementor-element-fc872b4 e-con-full e-flex e-con e-parent\" data-id=\"fc872b4\" data-element_type=\"container\" data-e-type=\"container\">\n\t\t<div class=\"elementor-element elementor-element-071d75a e-flex e-con-boxed e-con e-child\" data-id=\"071d75a\" data-element_type=\"container\" data-e-type=\"container\" data-settings=\"{&quot;background_background&quot;:&quot;classic&quot;}\">\n\t\t\t\t\t<div class=\"e-con-inner\">\n\t\t\t\t<div class=\"elementor-element elementor-element-887b37c elementor-widget elementor-widget-text-editor\" data-id=\"887b37c\" data-element_type=\"widget\" data-e-type=\"widget\" data-widget_type=\"text-editor.default\">\n\t\t\t\t\t\t\t\t\t<p>Coapetilla \u201cDesert Fruits\u201d seeks to establish strategic partnerships with institutions, governments, companies, and individuals committed to transforming the global food system.<\/p>\t\t\t\t\t\t\t\t<\/div>\n\t\t\t\t<div class=\"elementor-element elementor-element-db5f8c1 elementor-widget elementor-widget-text-editor\" data-id=\"db5f8c1\" data-element_type=\"widget\" data-e-type=\"widget\" data-widget_type=\"text-editor.default\">\n\t\t\t\t\t\t\t\t\t<p>Contact us to explore collaboration opportunities.<\/p>\t\t\t\t\t\t\t\t<\/div>\n\t\t\t\t<div class=\"elementor-element elementor-element-663e124 elementor-widget elementor-widget-button\" data-id=\"663e124\" data-element_type=\"widget\" data-e-type=\"widget\" data-widget_type=\"button.default\">\n\t\t\t\t\t\t\t\t\t\t<a class=\"elementor-button elementor-button-link elementor-size-sm\" href=\"#elementor-action%3Aaction%3Dpopup%3Aopen%26settings%3DeyJpZCI6IjU4NyIsInRvZ2dsZSI6ZmFsc2V9\">\n\t\t\t\t\t\t<span class=\"elementor-button-content-wrapper\">\n\t\t\t\t\t\t\t\t\t<span class=\"elementor-button-text\">Contact Us!<\/span>\n\t\t\t\t\t<\/span>\n\t\t\t\t\t<\/a>\n\t\t\t\t\t\t\t\t<\/div>\n\t\t\t\t\t<\/div>\n\t\t\t\t<\/div>\n\t\t\t\t<\/div>\n\t\t<div class=\"elementor-element elementor-element-b41585c e-con-full e-flex e-con e-parent\" data-id=\"b41585c\" data-element_type=\"container\" data-e-type=\"container\">\n\t\t<div class=\"elementor-element elementor-element-903edbe e-con-full e-flex e-con e-child\" data-id=\"903edbe\" data-element_type=\"container\" data-e-type=\"container\" data-settings=\"{&quot;background_background&quot;:&quot;classic&quot;}\">\n\t\t\t\t<\/div>\n\t\t<div class=\"elementor-element elementor-element-accf951 e-flex e-con-boxed e-con e-child\" data-id=\"accf951\" data-element_type=\"container\" data-e-type=\"container\" data-settings=\"{&quot;background_background&quot;:&quot;classic&quot;}\">\n\t\t\t\t\t<div class=\"e-con-inner\">\n\t\t\t\t<div class=\"elementor-element elementor-element-b64a491 elementor-widget elementor-widget-heading\" data-id=\"b64a491\" data-element_type=\"widget\" data-e-type=\"widget\" data-widget_type=\"heading.default\">\n\t\t\t\t\t<h2 class=\"elementor-heading-title elementor-size-default\">About Us<\/h2>\t\t\t\t<\/div>\n\t\t\t\t<div class=\"elementor-element elementor-element-4f51eb5 elementor-widget elementor-widget-text-editor\" data-id=\"4f51eb5\" data-element_type=\"widget\" data-e-type=\"widget\" data-widget_type=\"text-editor.default\">\n\t\t\t\t\t\t\t\t\t<p>Behind the Coapetilla \u201cDesert Fruits\u201d project is a multidisciplinary team committed to agricultural innovation in arid regions. In this section, you can get to know the people driving the project, explore our current partnerships, contact us for new collaborations, and access the form to join our network. We also offer our technology transfer services to jointly scale sustainable agricultural solutions.<\/p>\t\t\t\t\t\t\t\t<\/div>\n\t\t\t\t\t<\/div>\n\t\t\t\t<\/div>\n\t\t\t\t<\/div>\n\t\t<div class=\"elementor-element elementor-element-fb95af5 e-flex e-con-boxed e-con e-parent\" data-id=\"fb95af5\" data-element_type=\"container\" data-e-type=\"container\">\n\t\t\t\t\t<div class=\"e-con-inner\">\n\t\t<div class=\"elementor-element elementor-element-a9712db e-con-full e-flex e-con e-child\" data-id=\"a9712db\" data-element_type=\"container\" data-e-type=\"container\" data-settings=\"{&quot;background_background&quot;:&quot;classic&quot;}\">\n\t\t<div class=\"elementor-element elementor-element-a60d11e e-con-full e-flex e-con e-child\" data-id=\"a60d11e\" data-element_type=\"container\" data-e-type=\"container\">\n\t\t\t\t<div class=\"elementor-element elementor-element-b84c596 elementor-widget elementor-widget-heading\" data-id=\"b84c596\" data-element_type=\"widget\" data-e-type=\"widget\" data-widget_type=\"heading.default\">\n\t\t\t\t\t<h2 class=\"elementor-heading-title elementor-size-default\">Agronomist Engineer Javier A. Navarro<\/h2>\t\t\t\t<\/div>\n\t\t\t\t<div class=\"elementor-element elementor-element-12c6361 elementor-widget elementor-widget-heading\" data-id=\"12c6361\" data-element_type=\"widget\" data-e-type=\"widget\" data-widget_type=\"heading.default\">\n\t\t\t\t\t<h2 class=\"elementor-heading-title elementor-size-default\">Lead Researcher and Project Coordinator<\/h2>\t\t\t\t<\/div>\n\t\t\t\t<div class=\"elementor-element elementor-element-9581e27 elementor-widget elementor-widget-text-editor\" data-id=\"9581e27\" data-element_type=\"widget\" data-e-type=\"widget\" data-widget_type=\"text-editor.default\">\n\t\t\t\t\t\t\t\t\t<p>General Coordinator of Coapetilla \u201cDesert Fruits,\u201d focused on sustainable agricultural innovation in arid regions.<\/p>\t\t\t\t\t\t\t\t<\/div>\n\t\t\t\t<div class=\"elementor-element elementor-element-7a0981d elementor-icon-list--layout-traditional elementor-list-item-link-full_width elementor-widget elementor-widget-icon-list\" data-id=\"7a0981d\" data-element_type=\"widget\" data-e-type=\"widget\" data-widget_type=\"icon-list.default\">\n\t\t\t\t\t\t\t<ul class=\"elementor-icon-list-items\">\n\t\t\t\t\t\t\t<li class=\"elementor-icon-list-item\">\n\t\t\t\t\t\t\t\t\t\t\t<a href=\"http:\/\/www.linkedin.com\/in\/javier-a-navarro\">\n\n\t\t\t\t\t\t\t\t\t\t\t\t<span class=\"elementor-icon-list-icon\">\n\t\t\t\t\t\t\t<svg aria-hidden=\"true\" class=\"e-font-icon-svg e-fab-linkedin\" viewbox=\"0 0 448 512\" xmlns=\"http:\/\/www.w3.org\/2000\/svg\"><path d=\"M416 32H31.9C14.3 32 0 46.5 0 64.3v383.4C0 465.5 14.3 480 31.9 480H416c17.6 0 32-14.5 32-32.3V64.3c0-17.8-14.4-32.3-32-32.3zM135.4 416H69V202.2h66.5V416zm-33.2-243c-21.3 0-38.5-17.3-38.5-38.5S80.9 96 102.2 96c21.2 0 38.5 17.3 38.5 38.5 0 21.3-17.2 38.5-38.5 38.5zm282.1 243h-66.4V312c0-24.8-.5-56.7-34.5-56.7-34.6 0-39.9 27-39.9 54.9V416h-66.4V202.2h63.7v29.2h.9c8.9-16.8 30.6-34.5 62.9-34.5 67.2 0 79.7 44.3 79.7 101.9V416z\"><\/path><\/svg>\t\t\t\t\t\t<\/span>\n\t\t\t\t\t\t\t\t\t\t<span class=\"elementor-icon-list-text\">\/javier-a-navarro<\/span>\n\t\t\t\t\t\t\t\t\t\t\t<\/a>\n\t\t\t\t\t\t\t\t\t<\/li>\n\t\t\t\t\t\t\t\t<li class=\"elementor-icon-list-item\">\n\t\t\t\t\t\t\t\t\t\t\t<a href=\"mailto:gummosus@outlook.com\">\n\n\t\t\t\t\t\t\t\t\t\t\t\t<span class=\"elementor-icon-list-icon\">\n\t\t\t\t\t\t\t<svg aria-hidden=\"true\" class=\"e-font-icon-svg e-fas-envelope\" viewbox=\"0 0 512 512\" xmlns=\"http:\/\/www.w3.org\/2000\/svg\"><path d=\"M502.3 190.8c3.9-3.1 9.7-.2 9.7 4.7V400c0 26.5-21.5 48-48 48H48c-26.5 0-48-21.5-48-48V195.6c0-5 5.7-7.8 9.7-4.7 22.4 17.4 52.1 39.5 154.1 113.6 21.1 15.4 56.7 47.8 92.2 47.6 35.7.3 72-32.8 92.3-47.6 102-74.1 131.6-96.3 154-113.7zM256 320c23.2.4 56.6-29.2 73.4-41.4 132.7-96.3 142.8-104.7 173.4-128.7 5.8-4.5 9.2-11.5 9.2-18.9v-19c0-26.5-21.5-48-48-48H48C21.5 64 0 85.5 0 112v19c0 7.4 3.4 14.3 9.2 18.9 30.6 23.9 40.7 32.4 173.4 128.7 16.8 12.2 50.2 41.8 73.4 41.4z\"><\/path><\/svg>\t\t\t\t\t\t<\/span>\n\t\t\t\t\t\t\t\t\t\t<span class=\"elementor-icon-list-text\">gummosus@outlook.com<\/span>\n\t\t\t\t\t\t\t\t\t\t\t<\/a>\n\t\t\t\t\t\t\t\t\t<\/li>\n\t\t\t\t\t\t<\/ul>\n\t\t\t\t\t\t<\/div>\n\t\t\t\t<\/div>\n\t\t<div class=\"elementor-element elementor-element-f0ceddd e-con-full e-flex e-con e-child\" data-id=\"f0ceddd\" data-element_type=\"container\" data-e-type=\"container\" data-settings=\"{&quot;background_background&quot;:&quot;classic&quot;}\">\n\t\t\t\t<\/div>\n\t\t\t\t<\/div>\n\t\t\t\t\t<\/div>\n\t\t\t\t<\/div>\n\t\t<div class=\"elementor-element elementor-element-82b0f7e e-flex e-con-boxed e-con e-parent\" data-id=\"82b0f7e\" data-element_type=\"container\" data-e-type=\"container\">\n\t\t\t\t\t<div class=\"e-con-inner\">\n\t\t<div class=\"elementor-element elementor-element-0406f61 e-flex e-con-boxed e-con e-child\" data-id=\"0406f61\" data-element_type=\"container\" data-e-type=\"container\">\n\t\t\t\t\t<div class=\"e-con-inner\">\n\t\t\t\t<div class=\"elementor-element elementor-element-9ed1603 elementor-widget elementor-widget-image\" data-id=\"9ed1603\" data-element_type=\"widget\" data-e-type=\"widget\" data-widget_type=\"image.default\">\n\t\t\t\t\t\t\t\t\t\t\t\t\t\t\t<img decoding=\"async\" width=\"417\" height=\"417\" src=\"https:\/\/coapetilladesertfruits.com\/wp-content\/uploads\/2023\/04\/CWeb_Isosemillasol.png\" class=\"attachment-large size-large wp-image-101\" alt=\"\" srcset=\"https:\/\/coapetilladesertfruits.com\/wp-content\/uploads\/2023\/04\/CWeb_Isosemillasol.png 417w, https:\/\/coapetilladesertfruits.com\/wp-content\/uploads\/2023\/04\/CWeb_Isosemillasol-300x300.png 300w, https:\/\/coapetilladesertfruits.com\/wp-content\/uploads\/2023\/04\/CWeb_Isosemillasol-150x150.png 150w, https:\/\/coapetilladesertfruits.com\/wp-content\/uploads\/2023\/04\/CWeb_Isosemillasol-12x12.png 12w\" sizes=\"(max-width: 417px) 100vw, 417px\" \/>\t\t\t\t\t\t\t\t\t\t\t\t\t\t\t<\/div>\n\t\t\t\t<div class=\"elementor-element elementor-element-f544aed elementor-widget elementor-widget-heading\" data-id=\"f544aed\" data-element_type=\"widget\" data-e-type=\"widget\" data-widget_type=\"heading.default\">\n\t\t\t\t\t<h2 class=\"elementor-heading-title elementor-size-default\">Collaborations and Strategic Partnerships<\/h2>\t\t\t\t<\/div>\n\t\t\t\t<div class=\"elementor-element elementor-element-ecd97f2 elementor-widget elementor-widget-text-editor\" data-id=\"ecd97f2\" data-element_type=\"widget\" data-e-type=\"widget\" data-widget_type=\"text-editor.default\">\n\t\t\t\t\t\t\t\t\t<p>We are constantly strengthening our network of strategic alliances to reduce water stress and improve global food security:<\/p>\t\t\t\t\t\t\t\t<\/div>\n\t\t\t\t\t<\/div>\n\t\t\t\t<\/div>\n\t\t\t\t\t<\/div>\n\t\t\t\t<\/div>\n\t\t<div class=\"elementor-element elementor-element-41c5f93 e-flex e-con-boxed e-con e-parent\" data-id=\"41c5f93\" data-element_type=\"container\" data-e-type=\"container\">\n\t\t\t\t\t<div class=\"e-con-inner\">\n\t\t<div class=\"elementor-element elementor-element-f8a9eff e-con-full e-flex e-con e-child\" data-id=\"f8a9eff\" data-element_type=\"container\" data-e-type=\"container\" data-settings=\"{&quot;background_background&quot;:&quot;classic&quot;}\">\n\t\t\t\t<div class=\"elementor-element elementor-element-a7839ec elementor-widget elementor-widget-heading\" data-id=\"a7839ec\" data-element_type=\"widget\" data-e-type=\"widget\" data-widget_type=\"heading.default\">\n\t\t\t\t\t<h2 class=\"elementor-heading-title elementor-size-default\">INIFAP<\/h2>\t\t\t\t<\/div>\n\t\t\t\t<div class=\"elementor-element elementor-element-dae0f14 elementor-widget elementor-widget-heading\" data-id=\"dae0f14\" data-element_type=\"widget\" data-e-type=\"widget\" data-widget_type=\"heading.default\">\n\t\t\t\t\t<h2 class=\"elementor-heading-title elementor-size-default\">Campus Nayarit <\/h2>\t\t\t\t<\/div>\n\t\t\t\t<div class=\"elementor-element elementor-element-982c5fc elementor-widget elementor-widget-heading\" data-id=\"982c5fc\" data-element_type=\"widget\" data-e-type=\"widget\" data-widget_type=\"heading.default\">\n\t\t\t\t\t<p class=\"elementor-heading-title elementor-size-default\">Agronomic validation and crop characterization.\n<\/p>\t\t\t\t<\/div>\n\t\t\t\t<\/div>\n\t\t<div class=\"elementor-element elementor-element-03630f5 e-con-full e-flex e-con e-child\" data-id=\"03630f5\" data-element_type=\"container\" data-e-type=\"container\" data-settings=\"{&quot;background_background&quot;:&quot;classic&quot;}\">\n\t\t\t\t<div class=\"elementor-element elementor-element-846cec0 elementor-widget elementor-widget-heading\" data-id=\"846cec0\" data-element_type=\"widget\" data-e-type=\"widget\" data-widget_type=\"heading.default\">\n\t\t\t\t\t<h2 class=\"elementor-heading-title elementor-size-default\">Tecnol\u00f3gico de M\u00e9xico<\/h2>\t\t\t\t<\/div>\n\t\t\t\t<div class=\"elementor-element elementor-element-62f145c elementor-widget elementor-widget-heading\" data-id=\"62f145c\" data-element_type=\"widget\" data-e-type=\"widget\" data-widget_type=\"heading.default\">\n\t\t\t\t\t<h2 class=\"elementor-heading-title elementor-size-default\">Campus Nayarit<\/h2>\t\t\t\t<\/div>\n\t\t\t\t<div class=\"elementor-element elementor-element-989c7ef elementor-widget elementor-widget-heading\" data-id=\"989c7ef\" data-element_type=\"widget\" data-e-type=\"widget\" data-widget_type=\"heading.default\">\n\t\t\t\t\t<p class=\"elementor-heading-title elementor-size-default\">Nutritional study of Coapetilla.<\/p>\t\t\t\t<\/div>\n\t\t\t\t<\/div>\n\t\t<div class=\"elementor-element elementor-element-b1b5003 e-con-full e-flex e-con e-child\" data-id=\"b1b5003\" data-element_type=\"container\" data-e-type=\"container\" data-settings=\"{&quot;background_background&quot;:&quot;classic&quot;}\">\n\t\t\t\t<div class=\"elementor-element elementor-element-b416ad4 elementor-widget elementor-widget-heading\" data-id=\"b416ad4\" data-element_type=\"widget\" data-e-type=\"widget\" data-widget_type=\"heading.default\">\n\t\t\t\t\t<h2 class=\"elementor-heading-title elementor-size-default\">Universidad Aut\u00f3noma de Baja California<\/h2>\t\t\t\t<\/div>\n\t\t\t\t<div class=\"elementor-element elementor-element-d40121e elementor-widget elementor-widget-heading\" data-id=\"d40121e\" data-element_type=\"widget\" data-e-type=\"widget\" data-widget_type=\"heading.default\">\n\t\t\t\t\t<p class=\"elementor-heading-title elementor-size-default\">Collaboration with students from the Institute of Agricultural Sciences.<\/p>\t\t\t\t<\/div>\n\t\t\t\t<\/div>\n\t\t<div class=\"elementor-element elementor-element-0c393b1 e-con-full e-flex e-con e-child\" data-id=\"0c393b1\" data-element_type=\"container\" data-e-type=\"container\" data-settings=\"{&quot;background_background&quot;:&quot;classic&quot;}\">\n\t\t\t\t<div class=\"elementor-element elementor-element-d7807d1 elementor-widget elementor-widget-heading\" data-id=\"d7807d1\" data-element_type=\"widget\" data-e-type=\"widget\" data-widget_type=\"heading.default\">\n\t\t\t\t\t<h2 class=\"elementor-heading-title elementor-size-default\">Universidad Aut\u00f3noma de Sinaloa<\/h2>\t\t\t\t<\/div>\n\t\t\t\t<div class=\"elementor-element elementor-element-4e6caf2 elementor-widget elementor-widget-heading\" data-id=\"4e6caf2\" data-element_type=\"widget\" data-e-type=\"widget\" data-widget_type=\"heading.default\">\n\t\t\t\t\t<p class=\"elementor-heading-title elementor-size-default\">Identification of wild species.<\/p>\t\t\t\t<\/div>\n\t\t\t\t<\/div>\n\t\t\t\t\t<\/div>\n\t\t\t\t<\/div>\n\t\t<div class=\"elementor-element elementor-element-e5a7a15 e-con-full e-flex e-con e-parent\" data-id=\"e5a7a15\" data-element_type=\"container\" data-e-type=\"container\">\n\t\t<div class=\"elementor-element elementor-element-7af2fae e-con-full e-flex e-con e-child\" data-id=\"7af2fae\" data-element_type=\"container\" data-e-type=\"container\" data-settings=\"{&quot;background_background&quot;:&quot;classic&quot;}\">\n\t\t\t\t<\/div>\n\t\t<div class=\"elementor-element elementor-element-6791b3f e-flex e-con-boxed e-con e-child\" data-id=\"6791b3f\" data-element_type=\"container\" data-e-type=\"container\" data-settings=\"{&quot;background_background&quot;:&quot;classic&quot;}\">\n\t\t\t\t\t<div class=\"e-con-inner\">\n\t\t\t\t<div class=\"elementor-element elementor-element-56ae849 elementor-widget elementor-widget-heading\" data-id=\"56ae849\" data-element_type=\"widget\" data-e-type=\"widget\" data-widget_type=\"heading.default\">\n\t\t\t\t\t<h2 class=\"elementor-heading-title elementor-size-default\">Technology Transfer Services<\/h2>\t\t\t\t<\/div>\n\t\t<div class=\"elementor-element elementor-element-eabe65b e-con-full e-flex e-con e-child\" data-id=\"eabe65b\" data-element_type=\"container\" data-e-type=\"container\">\n\t\t<div class=\"elementor-element elementor-element-fe879ae e-con-full e-flex e-con e-child\" data-id=\"fe879ae\" data-element_type=\"container\" data-e-type=\"container\">\n\t\t\t\t<div class=\"elementor-element elementor-element-4c6f1ab elementor-widget elementor-widget-text-editor\" data-id=\"4c6f1ab\" data-element_type=\"widget\" data-e-type=\"widget\" data-widget_type=\"text-editor.default\">\n\t\t\t\t\t\t\t\t\t<p>We offer our services to scale sustainable agricultural solutions:<\/p><ul><li style=\"font-weight: 400;\" aria-level=\"1\"><span style=\"font-weight: 400;\">Specialized technical training in Coapetilla cultivation<\/span><\/li><li style=\"font-weight: 400;\" aria-level=\"1\"><span style=\"font-weight: 400;\">Guidance on the installation of pilot plots<\/span><\/li><li style=\"font-weight: 400;\" aria-level=\"1\"><span style=\"font-weight: 400;\">Transfer of certified genetic material<\/span><\/li><li style=\"font-weight: 400;\" aria-level=\"1\"><span style=\"font-weight: 400;\">Support in agronomic and nutritional studies<\/span><\/li><li style=\"font-weight: 400;\" aria-level=\"1\"><span style=\"font-weight: 400;\">Design of adapted management and irrigation strategies<\/span><\/li><li style=\"font-weight: 400;\" aria-level=\"1\"><span style=\"font-weight: 400;\">Advisory for sustainable production models<\/span><\/li><\/ul>\t\t\t\t\t\t\t\t<\/div>\n\t\t\t\t<\/div>\n\t\t\t\t<\/div>\n\t\t\t\t\t<\/div>\n\t\t\t\t<\/div>\n\t\t\t\t<\/div>\n\t\t<div class=\"elementor-element elementor-element-224f504 e-flex e-con-boxed e-con e-parent\" data-id=\"224f504\" data-element_type=\"container\" data-e-type=\"container\">\n\t\t\t\t\t<div class=\"e-con-inner\">\n\t\t<div class=\"elementor-element elementor-element-b898064 e-con-full e-flex e-con e-child\" data-id=\"b898064\" data-element_type=\"container\" data-e-type=\"container\">\n\t\t<div class=\"elementor-element elementor-element-604f9df e-con-full e-flex e-con e-child\" data-id=\"604f9df\" data-element_type=\"container\" data-e-type=\"container\" data-settings=\"{&quot;background_background&quot;:&quot;classic&quot;}\">\n\t\t\t\t<div class=\"elementor-element elementor-element-8f5f00a elementor-widget elementor-widget-image\" data-id=\"8f5f00a\" data-element_type=\"widget\" data-e-type=\"widget\" data-widget_type=\"image.default\">\n\t\t\t\t\t\t\t\t\t\t\t\t\t\t\t<img decoding=\"async\" width=\"800\" height=\"153\" src=\"https:\/\/coapetilladesertfruits.com\/wp-content\/uploads\/2025\/08\/CoapetillaWeb_Logo-1-4-1024x196.png\" class=\"attachment-large size-large wp-image-367\" alt=\"\" srcset=\"https:\/\/coapetilladesertfruits.com\/wp-content\/uploads\/2025\/08\/CoapetillaWeb_Logo-1-4-1024x196.png 1024w, https:\/\/coapetilladesertfruits.com\/wp-content\/uploads\/2025\/08\/CoapetillaWeb_Logo-1-4-300x57.png 300w, https:\/\/coapetilladesertfruits.com\/wp-content\/uploads\/2025\/08\/CoapetillaWeb_Logo-1-4-768x147.png 768w, https:\/\/coapetilladesertfruits.com\/wp-content\/uploads\/2025\/08\/CoapetillaWeb_Logo-1-4-1536x294.png 1536w, https:\/\/coapetilladesertfruits.com\/wp-content\/uploads\/2025\/08\/CoapetillaWeb_Logo-1-4-18x3.png 18w, https:\/\/coapetilladesertfruits.com\/wp-content\/uploads\/2025\/08\/CoapetillaWeb_Logo-1-4.png 1920w\" sizes=\"(max-width: 800px) 100vw, 800px\" \/>\t\t\t\t\t\t\t\t\t\t\t\t\t\t\t<\/div>\n\t\t\t\t<div class=\"elementor-element elementor-element-406a475 elementor-widget elementor-widget-heading\" data-id=\"406a475\" data-element_type=\"widget\" data-e-type=\"widget\" data-widget_type=\"heading.default\">\n\t\t\t\t\t<h2 class=\"elementor-heading-title elementor-size-default\">Join Our Global Network<\/h2>\t\t\t\t<\/div>\n\t\t\t\t<div class=\"elementor-element elementor-element-8cb4ec8 elementor-widget elementor-widget-text-editor\" data-id=\"8cb4ec8\" data-element_type=\"widget\" data-e-type=\"widget\" data-widget_type=\"text-editor.default\">\n\t\t\t\t\t\t\t\t\t<p><span style=\"font-weight: 400;\">We are building an international network of strategic allies to expand the global impact of Coapetilla cultivation.<\/span><\/p>\t\t\t\t\t\t\t\t<\/div>\n\t\t\t\t<div class=\"elementor-element elementor-element-d05b543 elementor-widget elementor-widget-text-editor\" data-id=\"d05b543\" data-element_type=\"widget\" data-e-type=\"widget\" data-widget_type=\"text-editor.default\">\n\t\t\t\t\t\t\t\t\t<p><em>We invite institutions, investors, and strategic partners to join the development and expansion of Coapetilla \u201cDesert Fruits.\u201d<\/em><\/p>\t\t\t\t\t\t\t\t<\/div>\n\t\t\t\t<div class=\"elementor-element elementor-element-d695271 elementor-widget elementor-widget-text-editor\" data-id=\"d695271\" data-element_type=\"widget\" data-e-type=\"widget\" data-widget_type=\"text-editor.default\">\n\t\t\t\t\t\t\t\t\t<p><strong>Complete our questionnaire to connect with us and explore potential collaborations.<\/strong><\/p>\t\t\t\t\t\t\t\t<\/div>\n\t\t\t\t<div class=\"elementor-element elementor-element-7358565 elementor-widget elementor-widget-button\" data-id=\"7358565\" data-element_type=\"widget\" data-e-type=\"widget\" data-widget_type=\"button.default\">\n\t\t\t\t\t\t\t\t\t\t<a class=\"elementor-button elementor-button-link elementor-size-sm\" href=\"#elementor-action%3Aaction%3Dpopup%3Aopen%26settings%3DeyJpZCI6IjU4NyIsInRvZ2dsZSI6ZmFsc2V9\">\n\t\t\t\t\t\t<span class=\"elementor-button-content-wrapper\">\n\t\t\t\t\t\t\t\t\t<span class=\"elementor-button-text\">Contact Us!<\/span>\n\t\t\t\t\t<\/span>\n\t\t\t\t\t<\/a>\n\t\t\t\t\t\t\t\t<\/div>\n\t\t\t\t<div class=\"elementor-element elementor-element-df153ef elementor-widget elementor-widget-image\" data-id=\"df153ef\" data-element_type=\"widget\" data-e-type=\"widget\" data-widget_type=\"image.default\">\n\t\t\t\t\t\t\t\t\t\t\t\t\t\t\t<img loading=\"lazy\" decoding=\"async\" width=\"800\" height=\"46\" src=\"https:\/\/coapetilladesertfruits.com\/wp-content\/uploads\/2025\/08\/CoapetillaWeb_Logo-3-4-1024x59.png\" class=\"attachment-large size-large wp-image-450\" alt=\"\" srcset=\"https:\/\/coapetilladesertfruits.com\/wp-content\/uploads\/2025\/08\/CoapetillaWeb_Logo-3-4-1024x59.png 1024w, https:\/\/coapetilladesertfruits.com\/wp-content\/uploads\/2025\/08\/CoapetillaWeb_Logo-3-4-300x17.png 300w, https:\/\/coapetilladesertfruits.com\/wp-content\/uploads\/2025\/08\/CoapetillaWeb_Logo-3-4-768x44.png 768w, https:\/\/coapetilladesertfruits.com\/wp-content\/uploads\/2025\/08\/CoapetillaWeb_Logo-3-4-1536x88.png 1536w, https:\/\/coapetilladesertfruits.com\/wp-content\/uploads\/2025\/08\/CoapetillaWeb_Logo-3-4-18x1.png 18w, https:\/\/coapetilladesertfruits.com\/wp-content\/uploads\/2025\/08\/CoapetillaWeb_Logo-3-4.png 1920w\" sizes=\"(max-width: 800px) 100vw, 800px\" \/>\t\t\t\t\t\t\t\t\t\t\t\t\t\t\t<\/div>\n\t\t\t\t<\/div>\n\t\t<div class=\"elementor-element elementor-element-0b2c194 e-con-full e-flex e-con e-child\" data-id=\"0b2c194\" data-element_type=\"container\" data-e-type=\"container\" data-settings=\"{&quot;background_background&quot;:&quot;classic&quot;}\">\n\t\t\t\t<\/div>\n\t\t\t\t<\/div>\n\t\t\t\t\t<\/div>\n\t\t\t\t<\/div>\n\t\t\t\t<\/div>","protected":false},"excerpt":{"rendered":"<p>S\u00e9 parte de una red global comprometida con el futuro sostenible del sistema alimentario Coapetilla \u201cDesert Fruits\u201d busca establecer alianzas estrat\u00e9gicas con instituciones, gobiernos, empresas y personas comprometidas con la transformaci\u00f3n del sistema alimentario global. Cont\u00e1ctanos para explorar oportunidades de colaboraci\u00f3n. \u00a1Cont\u00e1ctanos! Nosotros Detr\u00e1s del proyecto Coapetilla \u201cDesert Fruits\u201d hay un equipo multidisciplinario comprometido con [&hellip;]<\/p>\n","protected":false},"author":1,"featured_media":0,"parent":0,"menu_order":0,"comment_status":"closed","ping_status":"closed","template":"elementor_header_footer","meta":{"_acf_changed":false,"footnotes":""},"class_list":["post-328","page","type-page","status-publish","hentry"],"acf":[],"_links":{"self":[{"href":"https:\/\/coapetilladesertfruits.com\/en\/wp-json\/wp\/v2\/pages\/328","targetHints":{"allow":["GET"]}}],"collection":[{"href":"https:\/\/coapetilladesertfruits.com\/en\/wp-json\/wp\/v2\/pages"}],"about":[{"href":"https:\/\/coapetilladesertfruits.com\/en\/wp-json\/wp\/v2\/types\/page"}],"author":[{"embeddable":true,"href":"https:\/\/coapetilladesertfruits.com\/en\/wp-json\/wp\/v2\/users\/1"}],"replies":[{"embeddable":true,"href":"https:\/\/coapetilladesertfruits.com\/en\/wp-json\/wp\/v2\/comments?post=328"}],"version-history":[{"count":40,"href":"https:\/\/coapetilladesertfruits.com\/en\/wp-json\/wp\/v2\/pages\/328\/revisions"}],"predecessor-version":[{"id":652,"href":"https:\/\/coapetilladesertfruits.com\/en\/wp-json\/wp\/v2\/pages\/328\/revisions\/652"}],"wp:attachment":[{"href":"https:\/\/coapetilladesertfruits.com\/en\/wp-json\/wp\/v2\/media?parent=328"}],"curies":[{"name":"wp","href":"https:\/\/api.w.org\/{rel}","templated":true}]}}